{"id":4406,"date":"2024-06-04T08:20:16","date_gmt":"2024-06-04T08:20:16","guid":{"rendered":"https:\/\/hiem.vallhebrondigital.com\/home\/"},"modified":"2025-03-04T10:59:31","modified_gmt":"2025-03-04T10:59:31","slug":"home","status":"publish","type":"page","link":"https:\/\/hiem.vallhebrondigital.com\/es\/","title":{"rendered":"Home"},"content":{"rendered":"<p>&nbsp;<\/p>\n<p style=\"text-align: center;\">El\u00a0<strong>M\u00e1ster de Formaci\u00f3n Permanente Health Innovation and Entrepreneurship<\/strong>, organizado por el Vall d\u2019Hebr\u00f3n Instituto de Investigaci\u00f3n (VHIR), centro adscrito a la Universitat Aut\u00f2noma de Barcelona (UAB), es un programa de car\u00e1cter propio creado para formar nuevos perfiles emprendedores y especialistas en la gesti\u00f3n de la innovaci\u00f3n y el emprendimiento en salud.<\/p>\n<p>El programa tiene como objetivo formar profesionales para que sean capaces de generar el valor intr\u00ednsecamente vinculado a las necesidades del sistema de salud y del mercado actuales. Para lograrlo, fomenta el pensamiento creativo e innovador para permitirles desarrollar sus capacidades emprendedoras tanto internamente como externamente.<\/p>\n<p>El m\u00e1ster est\u00e1 orientado a fomentar la habilidad de crear nuevas soluciones que impacten en el sistema de salud, a partir de la\u00a0<strong>generaci\u00f3n de conocimiento y el desarrollo de nuevos productos, tecnolog\u00edas y servicios.<\/strong><\/p>\n<table style=\"border-collapse: collapse; width: 100.114%; height: 35px;\">\n<tbody>\n<tr>\n<td style=\"width: 33.3333%;\">\u00a0<\/td>\n<td style=\"width: 33.3333%; background-color: #c62868; text-align: center;\"><span style=\"color: #ffffff;\"><a style=\"color: #ffffff;\" href=\"https:\/\/secretariavirtual.vhir.org\/#services\"><strong>\u00a1Inscr\u00edbete!<\/strong><\/a><\/span><\/td>\n<td style=\"width: 33.3333%;\">\u00a0<\/td>\n<\/tr>\n<\/tbody>\n<\/table>\n<p style=\"text-align: center;\"><iframe loading=\"lazy\" title=\"YouTube video player\" src=\"https:\/\/www.youtube.com\/embed\/yrzpv0_WnuM?si=Adg6yi9jBoQJFGNY\" width=\"560\" height=\"315\" frameborder=\"0\" allowfullscreen=\"allowfullscreen\"><\/iframe><\/p>\n","protected":false},"excerpt":{"rendered":"<p>&nbsp; El\u00a0M\u00e1ster de Formaci\u00f3n Permanente Health Innovation and Entrepreneurship, organizado por el Vall d\u2019Hebr\u00f3n Instituto de Investigaci\u00f3n (VHIR), centro adscrito a la Universitat Aut\u00f2noma de Barcelona (UAB), es un programa de car\u00e1cter propio creado para formar nuevos perfiles emprendedores y especialistas en la gesti\u00f3n de la innovaci\u00f3n y el emprendimiento en salud. El programa tiene [&hellip;]<\/p>\n","protected":false},"author":2,"featured_media":4891,"parent":0,"menu_order":0,"comment_status":"closed","ping_status":"closed","template":"","meta":{"_acf_changed":false,"footnotes":""},"class_list":["post-4406","page","type-page","status-publish","has-post-thumbnail","hentry"],"acf":[],"_links":{"self":[{"href":"https:\/\/hiem.vallhebrondigital.com\/es\/wp-json\/wp\/v2\/pages\/4406","targetHints":{"allow":["GET"]}}],"collection":[{"href":"https:\/\/hiem.vallhebrondigital.com\/es\/wp-json\/wp\/v2\/pages"}],"about":[{"href":"https:\/\/hiem.vallhebrondigital.com\/es\/wp-json\/wp\/v2\/types\/page"}],"author":[{"embeddable":true,"href":"https:\/\/hiem.vallhebrondigital.com\/es\/wp-json\/wp\/v2\/users\/2"}],"replies":[{"embeddable":true,"href":"https:\/\/hiem.vallhebrondigital.com\/es\/wp-json\/wp\/v2\/comments?post=4406"}],"version-history":[{"count":4,"href":"https:\/\/hiem.vallhebrondigital.com\/es\/wp-json\/wp\/v2\/pages\/4406\/revisions"}],"predecessor-version":[{"id":4637,"href":"https:\/\/hiem.vallhebrondigital.com\/es\/wp-json\/wp\/v2\/pages\/4406\/revisions\/4637"}],"wp:featuredmedia":[{"embeddable":true,"href":"https:\/\/hiem.vallhebrondigital.com\/es\/wp-json\/wp\/v2\/media\/4891"}],"wp:attachment":[{"href":"https:\/\/hiem.vallhebrondigital.com\/es\/wp-json\/wp\/v2\/media?parent=4406"}],"curies":[{"name":"wp","href":"https:\/\/api.w.org\/{rel}","templated":true}]}}