{"id":4550,"date":"2024-06-14T10:32:16","date_gmt":"2024-06-14T10:32:16","guid":{"rendered":"https:\/\/hiem.vallhebrondigital.com\/spin-off-and-start-up-companies-creation\/"},"modified":"2025-01-13T14:42:23","modified_gmt":"2025-01-13T14:42:23","slug":"spin-off-and-start-up-companies-creation","status":"publish","type":"page","link":"https:\/\/hiem.vallhebrondigital.com\/es\/cursos-despecialitzacio\/spin-off-and-start-up-companies-creation\/","title":{"rendered":"Spin-off and start-up companies creation"},"content":{"rendered":"<p><strong>COORDINACI\u00d3N: <\/strong>Nunzio Gennaro Cifariello<\/p>\n<p>El objetivo principal del curso de especializaci\u00f3n <em><strong>Spin-off and start-up companies creation<\/strong><\/em> es facilitar conocimientos, herramientas y capacidades para tener una visi\u00f3n estrat\u00e9gica integral y conocer todos los elementos necesarios para crear una empresa competitiva de base tecnol\u00f3gica.<\/p>\n<p>Se trabajar\u00e1 para que los y las estudiantes adquiera los conocimientos y las herramientas fundamentales para conceptualizar, dise\u00f1ar y construir un modelo de negocio y un modelo empresarial alrededor de su proyecto, que a su vez sea aplicable a lo largo de la carrera profesional. Los y las estudiantes se familiarizar\u00e1n finalmente con todos aquellos aspectos que caracterizan un proyecto empresarial relacionado con el resto de <em>stakeholders<\/em>\u00a0del sector,\u00a0adaptado\u00a0al entorno din\u00e1mico del mercado y capaz de generar impacto.<\/p>\n<h2>PROGRAMA<\/h2>\n<ol>\n<li>Propuesta de valor<\/li>\n<li>Plan estrat\u00e9gico<\/li>\n<li>Plan de negocio<\/li>\n<li>Plan financiero<\/li>\n<li>Creaci\u00f3n de empresas<\/li>\n<li>Aspectos legales de la creaci\u00f3n de spin-off\u00a0y start-ups.<\/li>\n<li>Incubadoras y aceleradoras<\/li>\n<li>Agilidad empresarial<\/li>\n<li>Comunicaci\u00f3n<\/li>\n<\/ol>\n<p>Matricula: 630\u20ac<\/p>\n<p>Conocimientos previos recomendados: Grado del \u00e1mbito sanitario, biociencias, ingenier\u00eda o empresariales.\u00a0<\/p>\n","protected":false},"excerpt":{"rendered":"<p>COORDINACI\u00d3N: Nunzio Gennaro Cifariello El objetivo principal del curso de especializaci\u00f3n Spin-off and start-up companies creation es facilitar conocimientos, herramientas y capacidades para tener una visi\u00f3n estrat\u00e9gica integral y conocer todos los elementos necesarios para crear una empresa competitiva de base tecnol\u00f3gica. Se trabajar\u00e1 para que los y las estudiantes adquiera los conocimientos y las [&hellip;]<\/p>\n","protected":false},"author":3,"featured_media":4147,"parent":4457,"menu_order":0,"comment_status":"closed","ping_status":"closed","template":"page-basic.php","meta":{"_acf_changed":false,"footnotes":""},"class_list":["post-4550","page","type-page","status-publish","has-post-thumbnail","hentry"],"acf":[],"_links":{"self":[{"href":"https:\/\/hiem.vallhebrondigital.com\/es\/wp-json\/wp\/v2\/pages\/4550","targetHints":{"allow":["GET"]}}],"collection":[{"href":"https:\/\/hiem.vallhebrondigital.com\/es\/wp-json\/wp\/v2\/pages"}],"about":[{"href":"https:\/\/hiem.vallhebrondigital.com\/es\/wp-json\/wp\/v2\/types\/page"}],"author":[{"embeddable":true,"href":"https:\/\/hiem.vallhebrondigital.com\/es\/wp-json\/wp\/v2\/users\/3"}],"replies":[{"embeddable":true,"href":"https:\/\/hiem.vallhebrondigital.com\/es\/wp-json\/wp\/v2\/comments?post=4550"}],"version-history":[{"count":4,"href":"https:\/\/hiem.vallhebrondigital.com\/es\/wp-json\/wp\/v2\/pages\/4550\/revisions"}],"predecessor-version":[{"id":4619,"href":"https:\/\/hiem.vallhebrondigital.com\/es\/wp-json\/wp\/v2\/pages\/4550\/revisions\/4619"}],"up":[{"embeddable":true,"href":"https:\/\/hiem.vallhebrondigital.com\/es\/wp-json\/wp\/v2\/pages\/4457"}],"wp:featuredmedia":[{"embeddable":true,"href":"https:\/\/hiem.vallhebrondigital.com\/es\/wp-json\/wp\/v2\/media\/4147"}],"wp:attachment":[{"href":"https:\/\/hiem.vallhebrondigital.com\/es\/wp-json\/wp\/v2\/media?parent=4550"}],"curies":[{"name":"wp","href":"https:\/\/api.w.org\/{rel}","templated":true}]}}